{"id":357,"date":"2025-12-20T19:29:30","date_gmt":"2025-12-20T19:29:30","guid":{"rendered":"https:\/\/fiatcassegurancesexclusius.cat\/?page_id=357"},"modified":"2025-12-20T19:29:30","modified_gmt":"2025-12-20T19:29:30","slug":"seguro-de-decesos-65","status":"publish","type":"page","link":"https:\/\/fiatcassegurancesexclusius.cat\/ca\/seguro-de-decesos-65\/","title":{"rendered":"Seguro de Decesos 65"},"content":{"rendered":"<div data-elementor-type=\"wp-page\" data-elementor-id=\"357\" class=\"elementor elementor-357\" data-elementor-post-type=\"page\">\n\t\t\t\t<div class=\"elementor-element elementor-element-5053641 e-flex e-con-boxed e-con e-parent\" data-id=\"5053641\" data-element_type=\"container\">\n\t\t\t\t\t<div class=\"e-con-inner\">\n\t\t\t\t<div class=\"elementor-element elementor-element-032c2f0 elementor-widget elementor-widget-heading\" data-id=\"032c2f0\" data-element_type=\"widget\" data-widget_type=\"heading.default\">\n\t\t\t\t\t<h1 class=\"elementor-heading-title elementor-size-default\">Asseguran\u00e7a de decessos<\/h1>\t\t\t\t<\/div>\n\t\t\t\t<div class=\"elementor-element elementor-element-f6a6de8 elementor-widget elementor-widget-text-editor\" data-id=\"f6a6de8\" data-element_type=\"widget\" data-widget_type=\"text-editor.default\">\n\t\t\t\t\t\t\t\t\t<p>Per a majors de 65 anys<\/p>\t\t\t\t\t\t\t\t<\/div>\n\t\t<div class=\"elementor-element elementor-element-c94d696 e-con-full e-flex e-con e-child\" data-id=\"c94d696\" data-element_type=\"container\">\n\t\t<div class=\"elementor-element elementor-element-e5d1c81 e-con-full e-flex e-con e-child\" data-id=\"e5d1c81\" data-element_type=\"container\">\n\t\t<div class=\"elementor-element elementor-element-abfd289 e-con-full e-flex e-con e-child\" data-id=\"abfd289\" data-element_type=\"container\">\n\t\t\t\t<div class=\"elementor-element elementor-element-04572c7 elementor-widget elementor-widget-heading\" data-id=\"04572c7\" data-element_type=\"widget\" data-widget_type=\"heading.default\">\n\t\t\t\t\t<h2 class=\"elementor-heading-title elementor-size-default\">Avantatges de l'asseguran\u00e7a de decessos en un \u00fanic pagament<\/h2>\t\t\t\t<\/div>\n\t\t\t\t<div class=\"elementor-element elementor-element-2ee8706 elementor-widget elementor-widget-text-editor\" data-id=\"2ee8706\" data-element_type=\"widget\" data-widget_type=\"text-editor.default\">\n\t\t\t\t\t\t\t\t\t<p>Amb possibilitat de fraccionament<\/p>\t\t\t\t\t\t\t\t<\/div>\n\t\t\t\t<\/div>\n\t\t<div class=\"elementor-element elementor-element-d80fc8e e-con-full e-flex e-con e-child\" data-id=\"d80fc8e\" data-element_type=\"container\">\n\t\t<div class=\"elementor-element elementor-element-b921fff e-con-full e-flex e-con e-child\" data-id=\"b921fff\" data-element_type=\"container\">\n\t\t\t\t<div class=\"elementor-element elementor-element-e039028 elementor-widget__width-initial elementor-view-default elementor-position-top elementor-mobile-position-top elementor-widget elementor-widget-icon-box\" data-id=\"e039028\" data-element_type=\"widget\" data-widget_type=\"icon-box.default\">\n\t\t\t\t\t\t\t<div class=\"elementor-icon-box-wrapper\">\n\n\t\t\t\t\t\t<div class=\"elementor-icon-box-icon\">\n\t\t\t\t<span  class=\"elementor-icon elementor-animation-shrink\">\n\t\t\t\t<svg aria-hidden=\"true\" class=\"e-font-icon-svg e-fas-check-circle\" viewbox=\"0 0 512 512\" xmlns=\"http:\/\/www.w3.org\/2000\/svg\"><path d=\"M504 256c0 136.967-111.033 248-248 248S8 392.967 8 256 119.033 8 256 8s248 111.033 248 248zM227.314 387.314l184-184c6.248-6.248 6.248-16.379 0-22.627l-22.627-22.627c-6.248-6.249-16.379-6.249-22.628 0L216 308.118l-70.059-70.059c-6.248-6.248-16.379-6.248-22.628 0l-22.627 22.627c-6.248 6.248-6.248 16.379 0 22.627l104 104c6.249 6.249 16.379 6.249 22.628.001z\"><\/path><\/svg>\t\t\t\t<\/span>\n\t\t\t<\/div>\n\t\t\t\n\t\t\t\t\t\t<div class=\"elementor-icon-box-content\">\n\n\t\t\t\t\t\t\t\t\t<h3 class=\"elementor-icon-box-title\">\n\t\t\t\t\t\t<span  >\n\t\t\t\t\t\t\tServei de sepeli d'alta qualitat\t\t\t\t\t\t<\/span>\n\t\t\t\t\t<\/h3>\n\t\t\t\t\n\t\t\t\t\t\t\t\t\t<p class=\"elementor-icon-box-description\">\n\t\t\t\t\t\tamb una atenci\u00f3 personalitzada\t\t\t\t\t<\/p>\n\t\t\t\t\n\t\t\t<\/div>\n\t\t\t\n\t\t<\/div>\n\t\t\t\t\t\t<\/div>\n\t\t\t\t<div class=\"elementor-element elementor-element-de79636 elementor-widget__width-initial elementor-view-default elementor-position-top elementor-mobile-position-top elementor-widget elementor-widget-icon-box\" data-id=\"de79636\" data-element_type=\"widget\" data-widget_type=\"icon-box.default\">\n\t\t\t\t\t\t\t<div class=\"elementor-icon-box-wrapper\">\n\n\t\t\t\t\t\t<div class=\"elementor-icon-box-icon\">\n\t\t\t\t<span  class=\"elementor-icon elementor-animation-shrink\">\n\t\t\t\t<svg aria-hidden=\"true\" class=\"e-font-icon-svg e-fas-wifi\" viewbox=\"0 0 640 512\" xmlns=\"http:\/\/www.w3.org\/2000\/svg\"><path d=\"M634.91 154.88C457.74-8.99 182.19-8.93 5.09 154.88c-6.66 6.16-6.79 16.59-.35 22.98l34.24 33.97c6.14 6.1 16.02 6.23 22.4.38 145.92-133.68 371.3-133.71 517.25 0 6.38 5.85 16.26 5.71 22.4-.38l34.24-33.97c6.43-6.39 6.3-16.82-.36-22.98zM320 352c-35.35 0-64 28.65-64 64s28.65 64 64 64 64-28.65 64-64-28.65-64-64-64zm202.67-83.59c-115.26-101.93-290.21-101.82-405.34 0-6.9 6.1-7.12 16.69-.57 23.15l34.44 33.99c6 5.92 15.66 6.32 22.05.8 83.95-72.57 209.74-72.41 293.49 0 6.39 5.52 16.05 5.13 22.05-.8l34.44-33.99c6.56-6.46 6.33-17.06-.56-23.15z\"><\/path><\/svg>\t\t\t\t<\/span>\n\t\t\t<\/div>\n\t\t\t\n\t\t\t\t\t\t<div class=\"elementor-icon-box-content\">\n\n\t\t\t\t\t\t\t\t\t<h3 class=\"elementor-icon-box-title\">\n\t\t\t\t\t\t<span  >\n\t\t\t\t\t\t\t\u00c0mplies cobertures\t\t\t\t\t\t<\/span>\n\t\t\t\t\t<\/h3>\n\t\t\t\t\n\t\t\t\t\t\t\t\t\t<p class=\"elementor-icon-box-description\">\n\t\t\t\t\t\tamb totes les gestions i serveis vinculats amb la defunci\u00f3\t\t\t\t\t<\/p>\n\t\t\t\t\n\t\t\t<\/div>\n\t\t\t\n\t\t<\/div>\n\t\t\t\t\t\t<\/div>\n\t\t\t\t<div class=\"elementor-element elementor-element-8ba0ec5 elementor-widget__width-initial elementor-view-default elementor-position-top elementor-mobile-position-top elementor-widget elementor-widget-icon-box\" data-id=\"8ba0ec5\" data-element_type=\"widget\" data-widget_type=\"icon-box.default\">\n\t\t\t\t\t\t\t<div class=\"elementor-icon-box-wrapper\">\n\n\t\t\t\t\t\t<div class=\"elementor-icon-box-icon\">\n\t\t\t\t<span  class=\"elementor-icon elementor-animation-shrink\">\n\t\t\t\t<svg aria-hidden=\"true\" class=\"e-font-icon-svg e-fas-file-alt\" viewbox=\"0 0 384 512\" xmlns=\"http:\/\/www.w3.org\/2000\/svg\"><path d=\"M224 136V0H24C10.7 0 0 10.7 0 24v464c0 13.3 10.7 24 24 24h336c13.3 0 24-10.7 24-24V160H248c-13.2 0-24-10.8-24-24zm64 236c0 6.6-5.4 12-12 12H108c-6.6 0-12-5.4-12-12v-8c0-6.6 5.4-12 12-12h168c6.6 0 12 5.4 12 12v8zm0-64c0 6.6-5.4 12-12 12H108c-6.6 0-12-5.4-12-12v-8c0-6.6 5.4-12 12-12h168c6.6 0 12 5.4 12 12v8zm0-72v8c0 6.6-5.4 12-12 12H108c-6.6 0-12-5.4-12-12v-8c0-6.6 5.4-12 12-12h168c6.6 0 12 5.4 12 12zm96-114.1v6.1H256V0h6.1c6.4 0 12.5 2.5 17 7l97.9 98c4.5 4.5 7 10.6 7 16.9z\"><\/path><\/svg>\t\t\t\t<\/span>\n\t\t\t<\/div>\n\t\t\t\n\t\t\t\t\t\t<div class=\"elementor-icon-box-content\">\n\n\t\t\t\t\t\t\t\t\t<h3 class=\"elementor-icon-box-title\">\n\t\t\t\t\t\t<span  >\n\t\t\t\t\t\t\tCobertures innovadores\t\t\t\t\t\t<\/span>\n\t\t\t\t\t<\/h3>\n\t\t\t\t\n\t\t\t\t\t\t\t\t\t<p class=\"elementor-icon-box-description\">\n\t\t\t\t\t\tcom testament i testament vital\t\t\t\t\t<\/p>\n\t\t\t\t\n\t\t\t<\/div>\n\t\t\t\n\t\t<\/div>\n\t\t\t\t\t\t<\/div>\n\t\t\t\t<\/div>\n\t\t<div class=\"elementor-element elementor-element-80dafa5 e-con-full e-flex e-con e-child\" data-id=\"80dafa5\" data-element_type=\"container\">\n\t\t\t\t<div class=\"elementor-element elementor-element-793fa83 elementor-widget__width-initial elementor-view-default elementor-position-top elementor-mobile-position-top elementor-widget elementor-widget-icon-box\" data-id=\"793fa83\" data-element_type=\"widget\" data-widget_type=\"icon-box.default\">\n\t\t\t\t\t\t\t<div class=\"elementor-icon-box-wrapper\">\n\n\t\t\t\t\t\t<div class=\"elementor-icon-box-icon\">\n\t\t\t\t<span  class=\"elementor-icon elementor-animation-shrink\">\n\t\t\t\t<svg aria-hidden=\"true\" class=\"e-font-icon-svg e-fas-hand-holding\" viewbox=\"0 0 576 512\" xmlns=\"http:\/\/www.w3.org\/2000\/svg\"><path d=\"M565.3 328.1c-11.8-10.7-30.2-10-42.6 0L430.3 402c-11.3 9.1-25.4 14-40 14H272c-8.8 0-16-7.2-16-16s7.2-16 16-16h78.3c15.9 0 30.7-10.9 33.3-26.6 3.3-20-12.1-37.4-31.6-37.4H192c-27 0-53.1 9.3-74.1 26.3L71.4 384H16c-8.8 0-16 7.2-16 16v96c0 8.8 7.2 16 16 16h356.8c14.5 0 28.6-4.9 40-14L564 377c15.2-12.1 16.4-35.3 1.3-48.9z\"><\/path><\/svg>\t\t\t\t<\/span>\n\t\t\t<\/div>\n\t\t\t\n\t\t\t\t\t\t<div class=\"elementor-icon-box-content\">\n\n\t\t\t\t\t\t\t\t\t<h3 class=\"elementor-icon-box-title\">\n\t\t\t\t\t\t<span  >\n\t\t\t\t\t\t\tGesti\u00f3 de depend\u00e8ncia\t\t\t\t\t\t<\/span>\n\t\t\t\t\t<\/h3>\n\t\t\t\t\n\t\t\t\t\n\t\t\t<\/div>\n\t\t\t\n\t\t<\/div>\n\t\t\t\t\t\t<\/div>\n\t\t\t\t<div class=\"elementor-element elementor-element-ea6c762 elementor-widget__width-initial elementor-view-default elementor-position-top elementor-mobile-position-top elementor-widget elementor-widget-icon-box\" data-id=\"ea6c762\" data-element_type=\"widget\" data-widget_type=\"icon-box.default\">\n\t\t\t\t\t\t\t<div class=\"elementor-icon-box-wrapper\">\n\n\t\t\t\t\t\t<div class=\"elementor-icon-box-icon\">\n\t\t\t\t<span  class=\"elementor-icon elementor-animation-shrink\">\n\t\t\t\t<svg aria-hidden=\"true\" class=\"e-font-icon-svg e-fab-avianex\" viewbox=\"0 0 512 512\" xmlns=\"http:\/\/www.w3.org\/2000\/svg\"><path d=\"M453.1 32h-312c-38.9 0-76.2 31.2-83.3 69.7L1.2 410.3C-5.9 448.8 19.9 480 58.9 480h312c38.9 0 76.2-31.2 83.3-69.7l56.7-308.5c7-38.6-18.8-69.8-57.8-69.8zm-58.2 347.3l-32 13.5-115.4-110c-14.7 10-29.2 19.5-41.7 27.1l22.1 64.2-17.9 12.7-40.6-61-52.4-48.1 15.7-15.4 58 31.1c9.3-10.5 20.8-22.6 32.8-34.9L203 228.9l-68.8-99.8 18.8-28.9 8.9-4.8L265 207.8l4.9 4.5c19.4-18.8 33.8-32.4 33.8-32.4 7.7-6.5 21.5-2.9 30.7 7.9 9 10.5 10.6 24.7 2.7 31.3-1.8 1.3-15.5 11.4-35.3 25.6l4.5 7.3 94.9 119.4-6.3 7.9z\"><\/path><\/svg>\t\t\t\t<\/span>\n\t\t\t<\/div>\n\t\t\t\n\t\t\t\t\t\t<div class=\"elementor-icon-box-content\">\n\n\t\t\t\t\t\t\t\t\t<h3 class=\"elementor-icon-box-title\">\n\t\t\t\t\t\t<span  >\n\t\t\t\t\t\t\tAssist\u00e8ncia de viatge\t\t\t\t\t\t<\/span>\n\t\t\t\t\t<\/h3>\n\t\t\t\t\n\t\t\t\t\t\t\t\t\t<p class=\"elementor-icon-box-description\">\n\t\t\t\t\t\ta l'estranger\t\t\t\t\t<\/p>\n\t\t\t\t\n\t\t\t<\/div>\n\t\t\t\n\t\t<\/div>\n\t\t\t\t\t\t<\/div>\n\t\t\t\t<div class=\"elementor-element elementor-element-cd7d08b elementor-widget__width-initial elementor-view-default elementor-position-top elementor-mobile-position-top elementor-widget elementor-widget-icon-box\" data-id=\"cd7d08b\" data-element_type=\"widget\" data-widget_type=\"icon-box.default\">\n\t\t\t\t\t\t\t<div class=\"elementor-icon-box-wrapper\">\n\n\t\t\t\t\t\t<div class=\"elementor-icon-box-icon\">\n\t\t\t\t<span  class=\"elementor-icon elementor-animation-shrink\">\n\t\t\t\t<svg aria-hidden=\"true\" class=\"e-font-icon-svg e-fas-teeth-open\" viewbox=\"0 0 640 512\" xmlns=\"http:\/\/www.w3.org\/2000\/svg\"><path d=\"M544 0H96C42.98 0 0 42.98 0 96v64c0 35.35 28.66 64 64 64h512c35.34 0 64-28.65 64-64V96c0-53.02-42.98-96-96-96zM160 176c0 8.84-7.16 16-16 16H80c-8.84 0-16-7.16-16-16v-32c0-26.51 21.49-48 48-48s48 21.49 48 48v32zm144 0c0 8.84-7.16 16-16 16h-80c-8.84 0-16-7.16-16-16v-56c0-30.93 25.07-56 56-56s56 25.07 56 56v56zm144 0c0 8.84-7.16 16-16 16h-80c-8.84 0-16-7.16-16-16v-56c0-30.93 25.07-56 56-56s56 25.07 56 56v56zm128 0c0 8.84-7.16 16-16 16h-64c-8.84 0-16-7.16-16-16v-32c0-26.51 21.49-48 48-48s48 21.49 48 48v32zm0 144H64c-35.34 0-64 28.65-64 64v32c0 53.02 42.98 96 96 96h448c53.02 0 96-42.98 96-96v-32c0-35.35-28.66-64-64-64zm-416 80c0 26.51-21.49 48-48 48s-48-21.49-48-48v-32c0-8.84 7.16-16 16-16h64c8.84 0 16 7.16 16 16v32zm144-8c0 30.93-25.07 56-56 56s-56-25.07-56-56v-24c0-8.84 7.16-16 16-16h80c8.84 0 16 7.16 16 16v24zm144 0c0 30.93-25.07 56-56 56s-56-25.07-56-56v-24c0-8.84 7.16-16 16-16h80c8.84 0 16 7.16 16 16v24zm128 8c0 26.51-21.49 48-48 48s-48-21.49-48-48v-32c0-8.84 7.16-16 16-16h64c8.84 0 16 7.16 16 16v32z\"><\/path><\/svg>\t\t\t\t<\/span>\n\t\t\t<\/div>\n\t\t\t\n\t\t\t\t\t\t<div class=\"elementor-icon-box-content\">\n\n\t\t\t\t\t\t\t\t\t<h3 class=\"elementor-icon-box-title\">\n\t\t\t\t\t\t<span  >\n\t\t\t\t\t\t\tServeis odontol\u00f2gics\t\t\t\t\t\t<\/span>\n\t\t\t\t\t<\/h3>\n\t\t\t\t\n\t\t\t\t\n\t\t\t<\/div>\n\t\t\t\n\t\t<\/div>\n\t\t\t\t\t\t<\/div>\n\t\t\t\t<\/div>\n\t\t\t\t<\/div>\n\t\t\t\t<\/div>\n\t\t\t\t<\/div>\n\t\t\t\t\t<\/div>\n\t\t\t\t<\/div>\n\t\t<div class=\"elementor-element elementor-element-792d2ea e-flex e-con-boxed e-con e-parent\" data-id=\"792d2ea\" data-element_type=\"container\" data-settings=\"{&quot;background_background&quot;:&quot;classic&quot;}\">\n\t\t\t\t\t<div class=\"e-con-inner\">\n\t\t<div class=\"elementor-element elementor-element-e800823 e-con-full e-flex e-con e-child\" data-id=\"e800823\" data-element_type=\"container\">\n\t\t\t\t<div class=\"elementor-element elementor-element-8c0acf3 elementor-widget elementor-widget-heading\" data-id=\"8c0acf3\" data-element_type=\"widget\" data-widget_type=\"heading.default\">\n\t\t\t\t\t<h3 class=\"elementor-heading-title elementor-size-default\">Contracta-la ara i tria el <b>teu obsequi<\/b><\/h3>\t\t\t\t<\/div>\n\t\t<div class=\"elementor-element elementor-element-d7697f4 e-con-full e-flex e-con e-child\" data-id=\"d7697f4\" data-element_type=\"container\">\n\t\t\t\t<div class=\"elementor-element elementor-element-e9c00df elementor-widget__width-initial elementor-position-top elementor-widget elementor-widget-image-box\" data-id=\"e9c00df\" data-element_type=\"widget\" data-widget_type=\"image-box.default\">\n\t\t\t\t\t<div class=\"elementor-image-box-wrapper\"><figure class=\"elementor-image-box-img\"><img fetchpriority=\"high\" decoding=\"async\" width=\"1000\" height=\"1000\" src=\"https:\/\/fiatcassegurancesexclusius.cat\/wp-content\/uploads\/2025\/12\/calientacamas.png\" class=\"attachment-full size-full wp-image-332\" alt=\"\" srcset=\"https:\/\/fiatcassegurancesexclusius.cat\/wp-content\/uploads\/2025\/12\/calientacamas.png 1000w, https:\/\/fiatcassegurancesexclusius.cat\/wp-content\/uploads\/2025\/12\/calientacamas-300x300.png 300w, https:\/\/fiatcassegurancesexclusius.cat\/wp-content\/uploads\/2025\/12\/calientacamas-150x150.png 150w, https:\/\/fiatcassegurancesexclusius.cat\/wp-content\/uploads\/2025\/12\/calientacamas-768x768.png 768w, https:\/\/fiatcassegurancesexclusius.cat\/wp-content\/uploads\/2025\/12\/calientacamas-12x12.png 12w\" sizes=\"(max-width: 1000px) 100vw, 1000px\" \/><\/figure><div class=\"elementor-image-box-content\"><h3 class=\"elementor-image-box-title\">Escalfallits <br>(doble)<\/h3><\/div><\/div>\t\t\t\t<\/div>\n\t\t\t\t<div class=\"elementor-element elementor-element-fe6e74d elementor-widget__width-initial elementor-position-top elementor-widget elementor-widget-image-box\" data-id=\"fe6e74d\" data-element_type=\"widget\" data-widget_type=\"image-box.default\">\n\t\t\t\t\t<div class=\"elementor-image-box-wrapper\"><figure class=\"elementor-image-box-img\"><img decoding=\"async\" width=\"768\" height=\"768\" src=\"https:\/\/fiatcassegurancesexclusius.cat\/wp-content\/uploads\/2025\/12\/set-sartenes.png\" class=\"attachment-full size-full wp-image-335\" alt=\"\" srcset=\"https:\/\/fiatcassegurancesexclusius.cat\/wp-content\/uploads\/2025\/12\/set-sartenes.png 768w, https:\/\/fiatcassegurancesexclusius.cat\/wp-content\/uploads\/2025\/12\/set-sartenes-300x300.png 300w, https:\/\/fiatcassegurancesexclusius.cat\/wp-content\/uploads\/2025\/12\/set-sartenes-150x150.png 150w, https:\/\/fiatcassegurancesexclusius.cat\/wp-content\/uploads\/2025\/12\/set-sartenes-12x12.png 12w\" sizes=\"(max-width: 768px) 100vw, 768px\" \/><\/figure><div class=\"elementor-image-box-content\"><h3 class=\"elementor-image-box-title\">Set 4 paelles<\/h3><\/div><\/div>\t\t\t\t<\/div>\n\t\t\t\t<\/div>\n\t\t<div class=\"elementor-element elementor-element-16f526f e-con-full e-flex e-con e-child\" data-id=\"16f526f\" data-element_type=\"container\">\n\t\t\t\t<div class=\"elementor-element elementor-element-6e4db0b elementor-widget-tablet__width-initial elementor-widget-mobile__width-inherit elementor-widget elementor-widget-heading\" data-id=\"6e4db0b\" data-element_type=\"widget\" data-widget_type=\"heading.default\">\n\t\t\t\t\t<h3 class=\"elementor-heading-title elementor-size-default\">E-mail<\/h3>\t\t\t\t<\/div>\n\t\t\t\t<div class=\"elementor-element elementor-element-2766a4b elementor-icon-list--layout-traditional elementor-list-item-link-full_width elementor-widget elementor-widget-icon-list\" data-id=\"2766a4b\" data-element_type=\"widget\" data-widget_type=\"icon-list.default\">\n\t\t\t\t\t\t\t<ul class=\"elementor-icon-list-items\">\n\t\t\t\t\t\t\t<li class=\"elementor-icon-list-item\">\n\t\t\t\t\t\t\t\t\t\t<span class=\"elementor-icon-list-text\">agencia.serra@agentes.fiatc.es<\/span>\n\t\t\t\t\t\t\t\t\t<\/li>\n\t\t\t\t\t\t<\/ul>\n\t\t\t\t\t\t<\/div>\n\t\t\t\t<\/div>\n\t\t<div class=\"elementor-element elementor-element-1851c34 e-con-full e-flex e-con e-child\" data-id=\"1851c34\" data-element_type=\"container\">\n\t\t\t\t<div class=\"elementor-element elementor-element-c0cfc71 elementor-widget-tablet__width-initial elementor-widget-mobile__width-inherit elementor-widget elementor-widget-heading\" data-id=\"c0cfc71\" data-element_type=\"widget\" data-widget_type=\"heading.default\">\n\t\t\t\t\t<h3 class=\"elementor-heading-title elementor-size-default\">Contacte<\/h3>\t\t\t\t<\/div>\n\t\t\t\t<div class=\"elementor-element elementor-element-896f04a elementor-icon-list--layout-traditional elementor-list-item-link-full_width elementor-widget elementor-widget-icon-list\" data-id=\"896f04a\" data-element_type=\"widget\" data-widget_type=\"icon-list.default\">\n\t\t\t\t\t\t\t<ul class=\"elementor-icon-list-items\">\n\t\t\t\t\t\t\t<li class=\"elementor-icon-list-item\">\n\t\t\t\t\t\t\t\t\t\t<span class=\"elementor-icon-list-text\">Jordi Serra Agente Exclusiu de Fiatc a Cambrils<\/span>\n\t\t\t\t\t\t\t\t\t<\/li>\n\t\t\t\t\t\t<\/ul>\n\t\t\t\t\t\t<\/div>\n\t\t\t\t<\/div>\n\t\t<div class=\"elementor-element elementor-element-5e0d122 e-con-full e-flex e-con e-child\" data-id=\"5e0d122\" data-element_type=\"container\">\n\t\t\t\t<div class=\"elementor-element elementor-element-37eb489 elementor-widget-tablet__width-initial elementor-widget-mobile__width-inherit elementor-widget elementor-widget-heading\" data-id=\"37eb489\" data-element_type=\"widget\" data-widget_type=\"heading.default\">\n\t\t\t\t\t<h3 class=\"elementor-heading-title elementor-size-default\">Tel\u00e8fon i WhatsApp<\/h3>\t\t\t\t<\/div>\n\t\t\t\t<div class=\"elementor-element elementor-element-7f0f742 elementor-icon-list--layout-traditional elementor-list-item-link-full_width elementor-widget elementor-widget-icon-list\" data-id=\"7f0f742\" data-element_type=\"widget\" data-widget_type=\"icon-list.default\">\n\t\t\t\t\t\t\t<ul class=\"elementor-icon-list-items\">\n\t\t\t\t\t\t\t<li class=\"elementor-icon-list-item\">\n\t\t\t\t\t\t\t\t\t\t<span class=\"elementor-icon-list-text\">97 736 16 26 - 609 235 224<\/span>\n\t\t\t\t\t\t\t\t\t<\/li>\n\t\t\t\t\t\t<\/ul>\n\t\t\t\t\t\t<\/div>\n\t\t\t\t<\/div>\n\t\t<div class=\"elementor-element elementor-element-a04599d e-con-full e-flex e-con e-child\" data-id=\"a04599d\" data-element_type=\"container\">\n\t\t\t\t<div class=\"elementor-element elementor-element-f495b65 elementor-widget-tablet__width-initial elementor-widget-mobile__width-inherit elementor-widget elementor-widget-heading\" data-id=\"f495b65\" data-element_type=\"widget\" data-widget_type=\"heading.default\">\n\t\t\t\t\t<h3 class=\"elementor-heading-title elementor-size-default\">Direcci\u00f3<\/h3>\t\t\t\t<\/div>\n\t\t\t\t<div class=\"elementor-element elementor-element-360b72c elementor-icon-list--layout-traditional elementor-list-item-link-full_width elementor-widget elementor-widget-icon-list\" data-id=\"360b72c\" data-element_type=\"widget\" data-widget_type=\"icon-list.default\">\n\t\t\t\t\t\t\t<ul class=\"elementor-icon-list-items\">\n\t\t\t\t\t\t\t<li class=\"elementor-icon-list-item\">\n\t\t\t\t\t\t\t\t\t\t<span class=\"elementor-icon-list-text\">C\/ Balears, 2 Bx - Cambrils<\/span>\n\t\t\t\t\t\t\t\t\t<\/li>\n\t\t\t\t\t\t<\/ul>\n\t\t\t\t\t\t<\/div>\n\t\t\t\t<\/div>\n\t\t\t\t<\/div>\n\t\t\t\t<div class=\"elementor-element elementor-element-85b67c8 elementor-widget__width-initial elementor-widget-tablet__width-inherit elementor-widget elementor-widget-google_maps\" data-id=\"85b67c8\" data-element_type=\"widget\" data-widget_type=\"google_maps.default\">\n\t\t\t\t\t\t\t<div class=\"elementor-custom-embed\">\n\t\t\t<iframe loading=\"lazy\"\n\t\t\t\t\tsrc=\"https:\/\/maps.google.com\/maps?q=Carrer%20de%20les%20Balears%2C%202%2C%2043850%20Cambrils%2C%20Tarragona&#038;t=m&#038;z=16&#038;output=embed&#038;iwloc=near\"\n\t\t\t\t\ttitle=\"Carrer de les Balears, 2, 43850 Cambrils, Tarragona\"\n\t\t\t\t\taria-label=\"Carrer de les Balears, 2, 43850 Cambrils, Tarragona\"\n\t\t\t><\/iframe>\n\t\t<\/div>\n\t\t\t\t\t\t<\/div>\n\t\t\t\t\t<\/div>\n\t\t\t\t<\/div>\n\t\t\t\t<\/div>","protected":false},"excerpt":{"rendered":"<p>Seguro de Decesos Para mayores de 65 a\u00f1os Ventajas del seguro de decesos en un \u00fanico pago Con posibilidad de fraccionamiento Servicio de sepelio de alta calidad con una atenci\u00f3n personalizada Amplias coberturas con todas las gestiones y servicios vinculadas con la defunci\u00f3n Coberturas innovadoras como testamento y testamento vital. Gesti\u00f3n de dependencia Asistencia en [&hellip;]<\/p>","protected":false},"author":2,"featured_media":0,"parent":0,"menu_order":0,"comment_status":"closed","ping_status":"closed","template":"","meta":{"footnotes":""},"class_list":["post-357","page","type-page","status-publish","hentry"],"_links":{"self":[{"href":"https:\/\/fiatcassegurancesexclusius.cat\/ca\/wp-json\/wp\/v2\/pages\/357","targetHints":{"allow":["GET"]}}],"collection":[{"href":"https:\/\/fiatcassegurancesexclusius.cat\/ca\/wp-json\/wp\/v2\/pages"}],"about":[{"href":"https:\/\/fiatcassegurancesexclusius.cat\/ca\/wp-json\/wp\/v2\/types\/page"}],"author":[{"embeddable":true,"href":"https:\/\/fiatcassegurancesexclusius.cat\/ca\/wp-json\/wp\/v2\/users\/2"}],"replies":[{"embeddable":true,"href":"https:\/\/fiatcassegurancesexclusius.cat\/ca\/wp-json\/wp\/v2\/comments?post=357"}],"version-history":[{"count":1,"href":"https:\/\/fiatcassegurancesexclusius.cat\/ca\/wp-json\/wp\/v2\/pages\/357\/revisions"}],"predecessor-version":[{"id":369,"href":"https:\/\/fiatcassegurancesexclusius.cat\/ca\/wp-json\/wp\/v2\/pages\/357\/revisions\/369"}],"wp:attachment":[{"href":"https:\/\/fiatcassegurancesexclusius.cat\/ca\/wp-json\/wp\/v2\/media?parent=357"}],"curies":[{"name":"wp","href":"https:\/\/api.w.org\/{rel}","templated":true}]}}