{"id":171,"date":"2025-11-02T22:16:13","date_gmt":"2025-11-02T22:16:13","guid":{"rendered":"https:\/\/fiatcassegurancesexclusius.cat\/?page_id=171"},"modified":"2025-11-09T21:01:25","modified_gmt":"2025-11-09T21:01:25","slug":"contacta","status":"publish","type":"page","link":"https:\/\/fiatcassegurancesexclusius.cat\/ca\/contacta\/","title":{"rendered":"Contacta"},"content":{"rendered":"<div data-elementor-type=\"wp-page\" data-elementor-id=\"171\" class=\"elementor elementor-171\" data-elementor-post-type=\"page\">\n\t\t\t\t<div class=\"elementor-element elementor-element-5b480658 e-flex e-con-boxed e-con e-parent\" data-id=\"5b480658\" data-element_type=\"container\" data-settings=\"{&quot;background_background&quot;:&quot;classic&quot;}\">\n\t\t\t\t\t<div class=\"e-con-inner\">\n\t\t<div class=\"elementor-element elementor-element-204b0f3e e-con-full e-flex e-con e-child\" data-id=\"204b0f3e\" data-element_type=\"container\">\n\t\t\t\t<div class=\"elementor-element elementor-element-4f49c8da elementor-widget-tablet__width-inherit elementor-widget-mobile__width-inherit elementor-widget elementor-widget-image-box\" data-id=\"4f49c8da\" data-element_type=\"widget\" data-widget_type=\"image-box.default\">\n\t\t\t\t\t<div class=\"elementor-image-box-wrapper\"><div class=\"elementor-image-box-content\"><h1 class=\"elementor-image-box-title\">Contacta con FIATC Seguros Cambrils<\/h1><p class=\"elementor-image-box-description\">Estamos aqu\u00ed para ayudarte. Cu\u00e9ntanos qu\u00e9 necesitas y te asesoraremos de forma personalizada.<\/p><\/div><\/div>\t\t\t\t<\/div>\n\t\t\t\t<div class=\"elementor-element elementor-element-30baedfa elementor-widget-tablet__width-initial elementor-widget-mobile__width-inherit elementor-widget elementor-widget-heading\" data-id=\"30baedfa\" data-element_type=\"widget\" data-widget_type=\"heading.default\">\n\t\t\t\t\t<h2 class=\"elementor-heading-title elementor-size-default\">agencia.serra@agentes.fiatc.es<\/h2>\t\t\t\t<\/div>\n\t\t<div class=\"elementor-element elementor-element-1170fb4 e-con-full e-flex e-con e-child\" data-id=\"1170fb4\" data-element_type=\"container\">\n\t\t\t\t<div class=\"elementor-element elementor-element-cba6195 elementor-widget-tablet__width-initial elementor-widget-mobile__width-inherit elementor-widget elementor-widget-heading\" data-id=\"cba6195\" data-element_type=\"widget\" data-widget_type=\"heading.default\">\n\t\t\t\t\t<h3 class=\"elementor-heading-title elementor-size-default\">Direcci\u00f3<\/h3>\t\t\t\t<\/div>\n\t\t\t\t<div class=\"elementor-element elementor-element-4abf075c elementor-icon-list--layout-traditional elementor-list-item-link-full_width elementor-widget elementor-widget-icon-list\" data-id=\"4abf075c\" data-element_type=\"widget\" data-widget_type=\"icon-list.default\">\n\t\t\t\t\t\t\t<ul class=\"elementor-icon-list-items\">\n\t\t\t\t\t\t\t<li class=\"elementor-icon-list-item\">\n\t\t\t\t\t\t\t\t\t\t<span class=\"elementor-icon-list-text\">Cr. Balears, 2, baixos \u2014 Cambrils<\/span>\n\t\t\t\t\t\t\t\t\t<\/li>\n\t\t\t\t\t\t<\/ul>\n\t\t\t\t\t\t<\/div>\n\t\t\t\t<\/div>\n\t\t<div class=\"elementor-element elementor-element-4252e8e e-con-full e-flex e-con e-child\" data-id=\"4252e8e\" data-element_type=\"container\">\n\t\t\t\t<div class=\"elementor-element elementor-element-913d9e9 elementor-widget-tablet__width-initial elementor-widget-mobile__width-inherit elementor-widget elementor-widget-heading\" data-id=\"913d9e9\" data-element_type=\"widget\" data-widget_type=\"heading.default\">\n\t\t\t\t\t<h3 class=\"elementor-heading-title elementor-size-default\">Tel\u00e8fon i WhatsApp<\/h3>\t\t\t\t<\/div>\n\t\t\t\t<div class=\"elementor-element elementor-element-66e12d6 elementor-icon-list--layout-traditional elementor-list-item-link-full_width elementor-widget elementor-widget-icon-list\" data-id=\"66e12d6\" data-element_type=\"widget\" data-widget_type=\"icon-list.default\">\n\t\t\t\t\t\t\t<ul class=\"elementor-icon-list-items\">\n\t\t\t\t\t\t\t<li class=\"elementor-icon-list-item\">\n\t\t\t\t\t\t\t\t\t\t<span class=\"elementor-icon-list-text\">609 235 224<\/span>\n\t\t\t\t\t\t\t\t\t<\/li>\n\t\t\t\t\t\t<\/ul>\n\t\t\t\t\t\t<\/div>\n\t\t\t\t<\/div>\n\t\t<div class=\"elementor-element elementor-element-7a3fd19 e-con-full e-flex e-con e-child\" data-id=\"7a3fd19\" data-element_type=\"container\">\n\t\t\t\t<div class=\"elementor-element elementor-element-3e4280f elementor-widget-tablet__width-initial elementor-widget-mobile__width-inherit elementor-widget elementor-widget-heading\" data-id=\"3e4280f\" data-element_type=\"widget\" data-widget_type=\"heading.default\">\n\t\t\t\t\t<h3 class=\"elementor-heading-title elementor-size-default\">Horario de atenci\u00f3n<\/h3>\t\t\t\t<\/div>\n\t\t\t\t<div class=\"elementor-element elementor-element-e9e74f5 elementor-icon-list--layout-traditional elementor-list-item-link-full_width elementor-widget elementor-widget-icon-list\" data-id=\"e9e74f5\" data-element_type=\"widget\" data-widget_type=\"icon-list.default\">\n\t\t\t\t\t\t\t<ul class=\"elementor-icon-list-items\">\n\t\t\t\t\t\t\t<li class=\"elementor-icon-list-item\">\n\t\t\t\t\t\t\t\t\t\t<span class=\"elementor-icon-list-text\">De lunes a viernes, de 9:00 h a 14:00 h<\/span>\n\t\t\t\t\t\t\t\t\t<\/li>\n\t\t\t\t\t\t<\/ul>\n\t\t\t\t\t\t<\/div>\n\t\t\t\t<\/div>\n\t\t\t\t<\/div>\n\t\t\t\t<div class=\"elementor-element elementor-element-4af25bbb elementor-widget__width-initial elementor-widget-tablet__width-inherit elementor-widget elementor-widget-google_maps\" data-id=\"4af25bbb\" data-element_type=\"widget\" data-widget_type=\"google_maps.default\">\n\t\t\t\t\t\t\t<div class=\"elementor-custom-embed\">\n\t\t\t<iframe loading=\"lazy\"\n\t\t\t\t\tsrc=\"https:\/\/maps.google.com\/maps?q=Carrer%20de%20les%20Balears%2C%202%2C%2043850%20Cambrils%2C%20Tarragona&#038;t=m&#038;z=16&#038;output=embed&#038;iwloc=near\"\n\t\t\t\t\ttitle=\"Carrer de les Balears, 2, 43850 Cambrils, Tarragona\"\n\t\t\t\t\taria-label=\"Carrer de les Balears, 2, 43850 Cambrils, Tarragona\"\n\t\t\t><\/iframe>\n\t\t<\/div>\n\t\t\t\t\t\t<\/div>\n\t\t\t\t\t<\/div>\n\t\t\t\t<\/div>\n\t\t\t\t<\/div>","protected":false},"excerpt":{"rendered":"<p>Contacta con FIATC Seguros Cambrils Estamos aqu\u00ed para ayudarte. Cu\u00e9ntanos qu\u00e9 necesitas y te asesoraremos de forma personalizada. agencia.serra@agentes.fiatc.es Direcci\u00f3n Cr. Balears, 2, baixos \u2014 Cambrils Tel\u00e9fono y WhatsApp 609 235 224 Horario de atenci\u00f3n De lunes a viernes, de 9:00 h a 14:00 h<\/p>","protected":false},"author":2,"featured_media":0,"parent":0,"menu_order":0,"comment_status":"closed","ping_status":"closed","template":"elementor_theme","meta":{"footnotes":""},"class_list":["post-171","page","type-page","status-publish","hentry"],"_links":{"self":[{"href":"https:\/\/fiatcassegurancesexclusius.cat\/ca\/wp-json\/wp\/v2\/pages\/171","targetHints":{"allow":["GET"]}}],"collection":[{"href":"https:\/\/fiatcassegurancesexclusius.cat\/ca\/wp-json\/wp\/v2\/pages"}],"about":[{"href":"https:\/\/fiatcassegurancesexclusius.cat\/ca\/wp-json\/wp\/v2\/types\/page"}],"author":[{"embeddable":true,"href":"https:\/\/fiatcassegurancesexclusius.cat\/ca\/wp-json\/wp\/v2\/users\/2"}],"replies":[{"embeddable":true,"href":"https:\/\/fiatcassegurancesexclusius.cat\/ca\/wp-json\/wp\/v2\/comments?post=171"}],"version-history":[{"count":17,"href":"https:\/\/fiatcassegurancesexclusius.cat\/ca\/wp-json\/wp\/v2\/pages\/171\/revisions"}],"predecessor-version":[{"id":250,"href":"https:\/\/fiatcassegurancesexclusius.cat\/ca\/wp-json\/wp\/v2\/pages\/171\/revisions\/250"}],"wp:attachment":[{"href":"https:\/\/fiatcassegurancesexclusius.cat\/ca\/wp-json\/wp\/v2\/media?parent=171"}],"curies":[{"name":"wp","href":"https:\/\/api.w.org\/{rel}","templated":true}]}}