{"id":142,"date":"2025-11-02T21:40:49","date_gmt":"2025-11-02T21:40:49","guid":{"rendered":"https:\/\/fiatcassegurancesexclusius.cat\/?page_id=142"},"modified":"2025-11-09T20:23:25","modified_gmt":"2025-11-09T20:23:25","slug":"sobre-nosotros","status":"publish","type":"page","link":"https:\/\/fiatcassegurancesexclusius.cat\/ca\/sobre-nosotros\/","title":{"rendered":"Sobre nosotros"},"content":{"rendered":"<div data-elementor-type=\"wp-page\" data-elementor-id=\"142\" class=\"elementor elementor-142\" data-elementor-post-type=\"page\">\n\t\t\t\t<div class=\"elementor-element elementor-element-6bd7d485 e-con-full e-flex e-con e-parent\" data-id=\"6bd7d485\" data-element_type=\"container\">\n\t\t<div class=\"elementor-element elementor-element-4d56a535 e-con-full e-flex e-con e-child\" data-id=\"4d56a535\" data-element_type=\"container\">\n\t\t\t\t<div class=\"elementor-element elementor-element-399c8cf7 elementor-widget elementor-widget-heading\" data-id=\"399c8cf7\" data-element_type=\"widget\" data-widget_type=\"heading.default\">\n\t\t\t\t\t<h1 class=\"elementor-heading-title elementor-size-default\">Agentes Exclusivos FIATC en Cambrils<\/h1>\t\t\t\t<\/div>\n\t\t\t\t<div class=\"elementor-element elementor-element-3929b2a3 elementor-widget elementor-widget-text-editor\" data-id=\"3929b2a3\" data-element_type=\"widget\" data-widget_type=\"text-editor.default\">\n\t\t\t\t\t\t\t\t\t<p>M\u00e1s que seguros, ofrecemos tranquilidad exclusiva.<br data-start=\"390\" data-end=\"393\" \/>En FIATC Seguros Cambrils protegemos lo que m\u00e1s valoras con un servicio basado en la cercan\u00eda, la discreci\u00f3n y la excelencia. Nuestro compromiso es ofrecerte soluciones aseguradoras personalizadas, respaldadas por la experiencia y solidez de FIATC.<\/p>\t\t\t\t\t\t\t\t<\/div>\n\t\t\t\t<div class=\"elementor-element elementor-element-d625645 elementor-align-left elementor-mobile-align-center elementor-widget elementor-widget-button\" data-id=\"d625645\" data-element_type=\"widget\" data-widget_type=\"button.default\">\n\t\t\t\t\t\t\t\t\t\t<a class=\"elementor-button elementor-button-link elementor-size-sm\" href=\"#comotrabajamos\">\n\t\t\t\t\t\t<span class=\"elementor-button-content-wrapper\">\n\t\t\t\t\t\t\t\t\t<span class=\"elementor-button-text\">Descubre como trabajamos<\/span>\n\t\t\t\t\t<\/span>\n\t\t\t\t\t<\/a>\n\t\t\t\t\t\t\t\t<\/div>\n\t\t\t\t<\/div>\n\t\t<div class=\"elementor-element elementor-element-1c2a8e28 e-con-full e-flex e-con e-child\" data-id=\"1c2a8e28\" data-element_type=\"container\" data-settings=\"{&quot;background_background&quot;:&quot;classic&quot;}\">\n\t\t\t\t<\/div>\n\t\t\t\t<\/div>\n\t\t<div class=\"elementor-element elementor-element-6c88dd1c e-flex e-con-boxed e-con e-parent\" data-id=\"6c88dd1c\" data-element_type=\"container\">\n\t\t\t\t\t<div class=\"e-con-inner\">\n\t\t<div class=\"elementor-element elementor-element-74ce8c4 e-con-full e-flex e-con e-child\" data-id=\"74ce8c4\" data-element_type=\"container\">\n\t\t\t\t<div class=\"elementor-element elementor-element-36b8e6e5 elementor-widget elementor-widget-image\" data-id=\"36b8e6e5\" data-element_type=\"widget\" data-widget_type=\"image.default\">\n\t\t\t\t\t\t\t\t\t\t\t\t\t\t\t<img fetchpriority=\"high\" decoding=\"async\" width=\"800\" height=\"800\" src=\"https:\/\/fiatcassegurancesexclusius.cat\/wp-content\/uploads\/2025\/11\/FIATC-QUIENES-SOMOS-3.png\" class=\"attachment-large size-large wp-image-162\" alt=\"\" srcset=\"https:\/\/fiatcassegurancesexclusius.cat\/wp-content\/uploads\/2025\/11\/FIATC-QUIENES-SOMOS-3.png 1024w, https:\/\/fiatcassegurancesexclusius.cat\/wp-content\/uploads\/2025\/11\/FIATC-QUIENES-SOMOS-3-300x300.png 300w, https:\/\/fiatcassegurancesexclusius.cat\/wp-content\/uploads\/2025\/11\/FIATC-QUIENES-SOMOS-3-150x150.png 150w, https:\/\/fiatcassegurancesexclusius.cat\/wp-content\/uploads\/2025\/11\/FIATC-QUIENES-SOMOS-3-768x768.png 768w\" sizes=\"(max-width: 800px) 100vw, 800px\" \/>\t\t\t\t\t\t\t\t\t\t\t\t\t\t\t<\/div>\n\t\t\t\t<\/div>\n\t\t<div class=\"elementor-element elementor-element-6187b65a e-con-full e-flex e-con e-child\" data-id=\"6187b65a\" data-element_type=\"container\">\n\t\t\t\t<div class=\"elementor-element elementor-element-2bafac6 elementor-widget elementor-widget-image\" data-id=\"2bafac6\" data-element_type=\"widget\" data-widget_type=\"image.default\">\n\t\t\t\t\t\t\t\t\t\t\t\t\t\t\t<img decoding=\"async\" width=\"800\" height=\"266\" src=\"https:\/\/fiatcassegurancesexclusius.cat\/wp-content\/uploads\/2025\/11\/FIATCSeguros-1024x341.png\" class=\"attachment-large size-large wp-image-28\" alt=\"\" srcset=\"https:\/\/fiatcassegurancesexclusius.cat\/wp-content\/uploads\/2025\/11\/FIATCSeguros-1024x341.png 1024w, https:\/\/fiatcassegurancesexclusius.cat\/wp-content\/uploads\/2025\/11\/FIATCSeguros-300x100.png 300w, https:\/\/fiatcassegurancesexclusius.cat\/wp-content\/uploads\/2025\/11\/FIATCSeguros-768x256.png 768w, https:\/\/fiatcassegurancesexclusius.cat\/wp-content\/uploads\/2025\/11\/FIATCSeguros.png 1417w\" sizes=\"(max-width: 800px) 100vw, 800px\" \/>\t\t\t\t\t\t\t\t\t\t\t\t\t\t\t<\/div>\n\t\t\t\t<div class=\"elementor-element elementor-element-4f4c2610 elementor-widget elementor-widget-heading\" data-id=\"4f4c2610\" data-element_type=\"widget\" data-widget_type=\"heading.default\">\n\t\t\t\t\t<h2 class=\"elementor-heading-title elementor-size-default\">\u00bfQui\u00e9nes somos?<\/h2>\t\t\t\t<\/div>\n\t\t\t\t<div class=\"elementor-element elementor-element-42619b47 elementor-widget elementor-widget-text-editor\" data-id=\"42619b47\" data-element_type=\"widget\" data-widget_type=\"text-editor.default\">\n\t\t\t\t\t\t\t\t\t<p>Somos agentes exclusivos de la <strong data-start=\"701\" data-end=\"727\">Mutua de Seguros FIATC<\/strong>, especializados en ofrecer coberturas adaptadas a cada cliente. Nuestra labor consiste en entender tus necesidades y dise\u00f1ar la mejor protecci\u00f3n para ti, tu familia y tu patrimonio.<\/p><p>Trabajamos con un enfoque local y personalizado, acompa\u00f1\u00e1ndote en todo momento, desde el asesoramiento inicial hasta la gesti\u00f3n y revisi\u00f3n de tus p\u00f3lizas.<\/p>\t\t\t\t\t\t\t\t<\/div>\n\t\t\t\t<\/div>\n\t\t\t\t\t<\/div>\n\t\t\t\t<\/div>\n\t\t<div class=\"elementor-element elementor-element-62544ed9 e-flex e-con-boxed e-con e-parent\" data-id=\"62544ed9\" data-element_type=\"container\" id=\"comotrabajamos\">\n\t\t\t\t\t<div class=\"e-con-inner\">\n\t\t<div class=\"elementor-element elementor-element-846159e e-con-full e-flex e-con e-child\" data-id=\"846159e\" data-element_type=\"container\">\n\t\t\t\t<div class=\"elementor-element elementor-element-1e02cdd4 elementor-widget elementor-widget-heading\" data-id=\"1e02cdd4\" data-element_type=\"widget\" data-widget_type=\"heading.default\">\n\t\t\t\t\t<h2 class=\"elementor-heading-title elementor-size-default\">Nuestra forma de trabajar<\/h2>\t\t\t\t<\/div>\n\t\t\t\t<div class=\"elementor-element elementor-element-4077e4c4 elementor-widget elementor-widget-text-editor\" data-id=\"4077e4c4\" data-element_type=\"widget\" data-widget_type=\"text-editor.default\">\n\t\t\t\t\t\t\t\t\t<p>Cada cliente es \u00fanico, y por eso nuestro m\u00e9todo se basa en el <strong data-start=\"1536\" data-end=\"1571\">asesoramiento personalizado 1:1<\/strong>.<br data-start=\"1572\" data-end=\"1575\" \/>Analizamos circunstancias, revisamos riesgos y te proponemos coberturas a medida, garantizando la mejor protecci\u00f3n al precio m\u00e1s justo.<\/p>\t\t\t\t\t\t\t\t<\/div>\n\t\t\t\t<div class=\"elementor-element elementor-element-7a39ae6a elementor-align-left elementor-list-item-link-full_width elementor-widget elementor-widget-icon-list\" data-id=\"7a39ae6a\" data-element_type=\"widget\" data-widget_type=\"icon-list.default\">\n\t\t\t\t\t\t\t<ul class=\"elementor-icon-list-items\">\n\t\t\t\t\t\t\t<li class=\"elementor-icon-list-item\">\n\t\t\t\t\t\t\t\t\t\t\t<a href=\"#\">\n\n\t\t\t\t\t\t\t\t\t\t\t\t<span class=\"elementor-icon-list-icon\">\n\t\t\t\t\t\t\t<svg aria-hidden=\"true\" class=\"e-font-icon-svg e-fas-square-full\" viewbox=\"0 0 512 512\" xmlns=\"http:\/\/www.w3.org\/2000\/svg\"><path d=\"M512 512H0V0h512v512z\"><\/path><\/svg>\t\t\t\t\t\t<\/span>\n\t\t\t\t\t\t\t\t\t\t<span class=\"elementor-icon-list-text\">Escucha activa: Entendemos tus necesidades reales.<\/span>\n\t\t\t\t\t\t\t\t\t\t\t<\/a>\n\t\t\t\t\t\t\t\t\t<\/li>\n\t\t\t\t\t\t\t\t<li class=\"elementor-icon-list-item\">\n\t\t\t\t\t\t\t\t\t\t\t<a href=\"#\">\n\n\t\t\t\t\t\t\t\t\t\t\t\t<span class=\"elementor-icon-list-icon\">\n\t\t\t\t\t\t\t<svg aria-hidden=\"true\" class=\"e-font-icon-svg e-fas-square-full\" viewbox=\"0 0 512 512\" xmlns=\"http:\/\/www.w3.org\/2000\/svg\"><path d=\"M512 512H0V0h512v512z\"><\/path><\/svg>\t\t\t\t\t\t<\/span>\n\t\t\t\t\t\t\t\t\t\t<span class=\"elementor-icon-list-text\">An\u00e1lisis detallado: Estudiamos tus riesgos y prioridades.<\/span>\n\t\t\t\t\t\t\t\t\t\t\t<\/a>\n\t\t\t\t\t\t\t\t\t<\/li>\n\t\t\t\t\t\t\t\t<li class=\"elementor-icon-list-item\">\n\t\t\t\t\t\t\t\t\t\t\t<a href=\"#\">\n\n\t\t\t\t\t\t\t\t\t\t\t\t<span class=\"elementor-icon-list-icon\">\n\t\t\t\t\t\t\t<svg aria-hidden=\"true\" class=\"e-font-icon-svg e-fas-square-full\" viewbox=\"0 0 512 512\" xmlns=\"http:\/\/www.w3.org\/2000\/svg\"><path d=\"M512 512H0V0h512v512z\"><\/path><\/svg>\t\t\t\t\t\t<\/span>\n\t\t\t\t\t\t\t\t\t\t<span class=\"elementor-icon-list-text\">Propuesta personalizada: Te mostramos opciones claras y comparativas sencillas.<\/span>\n\t\t\t\t\t\t\t\t\t\t\t<\/a>\n\t\t\t\t\t\t\t\t\t<\/li>\n\t\t\t\t\t\t\t\t<li class=\"elementor-icon-list-item\">\n\t\t\t\t\t\t\t\t\t\t\t<a href=\"#\">\n\n\t\t\t\t\t\t\t\t\t\t\t\t<span class=\"elementor-icon-list-icon\">\n\t\t\t\t\t\t\t<svg aria-hidden=\"true\" class=\"e-font-icon-svg e-fas-square-full\" viewbox=\"0 0 512 512\" xmlns=\"http:\/\/www.w3.org\/2000\/svg\"><path d=\"M512 512H0V0h512v512z\"><\/path><\/svg>\t\t\t\t\t\t<\/span>\n\t\t\t\t\t\t\t\t\t\t<span class=\"elementor-icon-list-text\">Revisi\u00f3n anual: Adaptamos tus p\u00f3lizas seg\u00fan tu evoluci\u00f3n personal o profesional.<\/span>\n\t\t\t\t\t\t\t\t\t\t\t<\/a>\n\t\t\t\t\t\t\t\t\t<\/li>\n\t\t\t\t\t\t<\/ul>\n\t\t\t\t\t\t<\/div>\n\t\t\t\t<\/div>\n\t\t<div class=\"elementor-element elementor-element-7d583b27 e-con-full e-flex e-con e-child\" data-id=\"7d583b27\" data-element_type=\"container\">\n\t\t\t\t<div class=\"elementor-element elementor-element-186cbb0b elementor-widget elementor-widget-image\" data-id=\"186cbb0b\" data-element_type=\"widget\" data-widget_type=\"image.default\">\n\t\t\t\t\t\t\t\t\t\t\t\t\t\t\t<img decoding=\"async\" width=\"800\" height=\"800\" src=\"https:\/\/fiatcassegurancesexclusius.cat\/wp-content\/uploads\/2025\/11\/FIATC-QUIENES-SOMOS-5.png\" class=\"attachment-large size-large wp-image-166\" alt=\"\" srcset=\"https:\/\/fiatcassegurancesexclusius.cat\/wp-content\/uploads\/2025\/11\/FIATC-QUIENES-SOMOS-5.png 1024w, https:\/\/fiatcassegurancesexclusius.cat\/wp-content\/uploads\/2025\/11\/FIATC-QUIENES-SOMOS-5-300x300.png 300w, https:\/\/fiatcassegurancesexclusius.cat\/wp-content\/uploads\/2025\/11\/FIATC-QUIENES-SOMOS-5-150x150.png 150w, https:\/\/fiatcassegurancesexclusius.cat\/wp-content\/uploads\/2025\/11\/FIATC-QUIENES-SOMOS-5-768x768.png 768w\" sizes=\"(max-width: 800px) 100vw, 800px\" \/>\t\t\t\t\t\t\t\t\t\t\t\t\t\t\t<\/div>\n\t\t\t\t<\/div>\n\t\t\t\t\t<\/div>\n\t\t\t\t<\/div>\n\t\t<div class=\"elementor-element elementor-element-77dcdba e-flex e-con-boxed e-con e-parent\" data-id=\"77dcdba\" data-element_type=\"container\" data-settings=\"{&quot;background_background&quot;:&quot;classic&quot;}\">\n\t\t\t\t\t<div class=\"e-con-inner\">\n\t\t\t\t<div class=\"elementor-element elementor-element-7d80ebea elementor-widget elementor-widget-heading\" data-id=\"7d80ebea\" data-element_type=\"widget\" data-widget_type=\"heading.default\">\n\t\t\t\t\t<h3 class=\"elementor-heading-title elementor-size-default\">Compromisos con el cliente<\/h3>\t\t\t\t<\/div>\n\t\t\t\t<div class=\"elementor-element elementor-element-58a880c5 elementor-widget elementor-widget-text-editor\" data-id=\"58a880c5\" data-element_type=\"widget\" data-widget_type=\"text-editor.default\">\n\t\t\t\t\t\t\t\t\t<p>En FIATC Seguros Cambrils creemos en las relaciones de confianza a largo plazo y nos comprometemos a ofrecerte una atenci\u00f3n basada en la <strong data-start=\"137\" data-end=\"154\">transparencia<\/strong>, explicando cada detalle de forma clara y sin letra peque\u00f1a; en la <strong data-start=\"222\" data-end=\"234\">cercan\u00eda<\/strong>, manteniendo siempre un trato directo contigo sin intermediarios; y en la <strong data-start=\"309\" data-end=\"334\">independencia t\u00e9cnica<\/strong>, ofreciendo un asesoramiento honesto y centrado en tu bienestar, aun siendo agentes exclusivos de FIATC.<\/p>\t\t\t\t\t\t\t\t<\/div>\n\t\t\t\t<div class=\"elementor-element elementor-element-3162023d elementor-align-center elementor-mobile-align-center elementor-widget elementor-widget-button\" data-id=\"3162023d\" data-element_type=\"widget\" data-widget_type=\"button.default\">\n\t\t\t\t\t\t\t\t\t\t<a class=\"elementor-button elementor-button-link elementor-size-sm\" href=\"https:\/\/fiatcassegurancesexclusius.cat\/ca\/contacta\/\">\n\t\t\t\t\t\t<span class=\"elementor-button-content-wrapper\">\n\t\t\t\t\t\t\t\t\t<span class=\"elementor-button-text\">Contacta con nosotros<\/span>\n\t\t\t\t\t<\/span>\n\t\t\t\t\t<\/a>\n\t\t\t\t\t\t\t\t<\/div>\n\t\t\t\t\t<\/div>\n\t\t\t\t<\/div>\n\t\t\t\t<\/div>","protected":false},"excerpt":{"rendered":"<p>Agentes Exclusivos FIATC en Cambrils M\u00e1s que seguros, ofrecemos tranquilidad exclusiva.En FIATC Seguros Cambrils protegemos lo que m\u00e1s valoras con un servicio basado en la cercan\u00eda, la discreci\u00f3n y la excelencia. Nuestro compromiso es ofrecerte soluciones aseguradoras personalizadas, respaldadas por la experiencia y solidez de FIATC. Descubre como trabajamos \u00bfQui\u00e9nes somos? Somos agentes exclusivos de [&hellip;]<\/p>","protected":false},"author":2,"featured_media":0,"parent":0,"menu_order":0,"comment_status":"closed","ping_status":"closed","template":"elementor_theme","meta":{"footnotes":""},"class_list":["post-142","page","type-page","status-publish","hentry"],"_links":{"self":[{"href":"https:\/\/fiatcassegurancesexclusius.cat\/ca\/wp-json\/wp\/v2\/pages\/142","targetHints":{"allow":["GET"]}}],"collection":[{"href":"https:\/\/fiatcassegurancesexclusius.cat\/ca\/wp-json\/wp\/v2\/pages"}],"about":[{"href":"https:\/\/fiatcassegurancesexclusius.cat\/ca\/wp-json\/wp\/v2\/types\/page"}],"author":[{"embeddable":true,"href":"https:\/\/fiatcassegurancesexclusius.cat\/ca\/wp-json\/wp\/v2\/users\/2"}],"replies":[{"embeddable":true,"href":"https:\/\/fiatcassegurancesexclusius.cat\/ca\/wp-json\/wp\/v2\/comments?post=142"}],"version-history":[{"count":28,"href":"https:\/\/fiatcassegurancesexclusius.cat\/ca\/wp-json\/wp\/v2\/pages\/142\/revisions"}],"predecessor-version":[{"id":241,"href":"https:\/\/fiatcassegurancesexclusius.cat\/ca\/wp-json\/wp\/v2\/pages\/142\/revisions\/241"}],"wp:attachment":[{"href":"https:\/\/fiatcassegurancesexclusius.cat\/ca\/wp-json\/wp\/v2\/media?parent=142"}],"curies":[{"name":"wp","href":"https:\/\/api.w.org\/{rel}","templated":true}]}}